{"id":845,"date":"2022-10-06T07:34:29","date_gmt":"2022-10-06T10:34:29","guid":{"rendered":"https:\/\/ombud1stg.wpengine.com\/deposer-une-plainte\/"},"modified":"2025-11-06T15:47:13","modified_gmt":"2025-11-06T19:47:13","slug":"deposer-une-plainte","status":"publish","type":"page","link":"https:\/\/ombudnb.ca\/fr\/deposer-une-plainte\/","title":{"rendered":"D\u00e9poser une plainte"},"content":{"rendered":"\n<div class=\"wp-block-cover alignfull is-light has-custom-content-position is-position-bottom-left  content-header\" style=\"padding-top:0px;padding-bottom:40px;min-height:400px;aspect-ratio:unset;\"><img loading=\"lazy\" decoding=\"async\" width=\"1440\" height=\"400\" class=\"wp-block-cover__image-background wp-image-517\" alt=\"\" src=\"https:\/\/ombudnb.ca\/wp-content\/uploads\/2023\/03\/top-banner-two-people.jpg\" data-object-fit=\"cover\" srcset=\"https:\/\/ombudnb.ca\/wp-content\/uploads\/2023\/03\/top-banner-two-people.jpg 1440w, https:\/\/ombudnb.ca\/wp-content\/uploads\/2023\/03\/top-banner-two-people-300x83.jpg 300w, https:\/\/ombudnb.ca\/wp-content\/uploads\/2023\/03\/top-banner-two-people-1024x284.jpg 1024w, https:\/\/ombudnb.ca\/wp-content\/uploads\/2023\/03\/top-banner-two-people-768x213.jpg 768w\" sizes=\"auto, (max-width: 1440px) 100vw, 1440px\" \/><span aria-hidden=\"true\" class=\"wp-block-cover__background has-green-background-color has-background-dim\"><\/span><div class=\"wp-block-cover__inner-container is-layout-flow wp-block-cover-is-layout-flow\">\n<div class=\"wp-block-group  container is-layout-flow wp-block-group-is-layout-flow\"><h2 style=\"margin-top:0px;margin-right:0px;margin-bottom:0px;margin-left:0px;\" class=\"alignwide wp-block-post-title has-text-color has-white-color\">D\u00e9poser une plainte<\/h2><\/div>\n<\/div><\/div>\n\n\n\n<div id=\"comment-deposer-une-plainte\" class=\"wp-block-group has-light-grey-color has-text-color has-font-size-16-font-size is-layout-constrained wp-container-core-group-is-layout-6a8fa3c5 wp-block-group-is-layout-constrained\" style=\"margin-top:0px;margin-bottom:0px;padding-top:90px;padding-right:2.5%;padding-bottom:90px;padding-left:3%;line-height:1.5\">\n<h2 class=\"wp-block-heading has-dark-grey-color has-text-color has-font-size-44-font-size\" style=\"font-style:normal;font-weight:800\"><strong>Comment d\u00e9poser une plainte<\/strong><\/h2>\n\n\n\n<p>Il y a plusieurs fa\u00e7ons de d\u00e9poser une plainte aupr\u00e8s d\u2019Ombud NB. Toutes les plaintes adress\u00e9es \u00e0 notre bureau sont confidentielles. <\/p>\n\n\n\n<p>Selon l\u2019objet de votre plainte, vous pourriez devoir remplir diff\u00e9rents types de formulaires. Certains de ces formulaires sont des obligations l\u00e9gales, nous devons donc vous demander de les soumettre.  <\/p>\n\n\n\n<p>Si vous ne savez pas avec certitude quel formulaire utiliser ou comment le remplir, veuillez communiquer avec nous. Il nous fera plaisir de vous aider et de r\u00e9pondre \u00e0 toutes vos questions. <\/p>\n\n\n\n<p>Pour nous joindre :<br>Du lundi au vendredi de 8 h 30 \u00e0 16 h 30.<br>T\u00e9l\u00e9phone : 506-453-2789<br>Num\u00e9ro sans frais : 1-888-465-1100<br>T\u00e9l\u00e9copieur : 506-453-5599<br>Courriel : <a href=\"mailto:ombud@ombudnb.ca\">ombud@ombudnb.ca<\/a><\/p>\n\n\n\n<p>Adresse postale :<br>Ombud NB<br>C.P. 6000<br>Fredericton (Nouveau-Brunswick)<br>E3B 5H1<br>Canada<\/p>\n\n\n\n<div style=\"height:69px\" aria-hidden=\"true\" id=\"complaint-forms\" class=\"wp-block-spacer\"><\/div>\n<\/div>\n\n\n\n<div id=\"formulaires\" class=\"wp-block-group is-layout-constrained wp-container-core-group-is-layout-8154dbd5 wp-block-group-is-layout-constrained\" style=\"padding-top:90px;padding-right:2.5%;padding-bottom:90px;padding-left:3%\">\n<h2 class=\"wp-block-heading has-dark-grey-color has-text-color has-font-size-44-font-size\">Formulaires<\/h2>\n\n\n\n<div id=\"formulaires-visant-l-equite-administrative\" class=\"wp-block-group is-layout-flow wp-block-group-is-layout-flow\">\n<hr class=\"wp-block-separator has-alpha-channel-opacity is-style-wide\"\/>\n\n\n\n<div class=\"wp-block-columns is-layout-flex wp-container-core-columns-is-layout-28f84493 wp-block-columns-is-layout-flex\">\n<div class=\"wp-block-column is-layout-flow wp-block-column-is-layout-flow\" style=\"flex-basis:33.33%\">\n<p class=\"has-font-size-26-font-size\" style=\"font-style:normal;font-weight:700\">Formulaires visant l\u2019\u00e9quit\u00e9 administrative<\/p>\n<\/div>\n\n\n\n<div class=\"wp-block-column is-layout-flow wp-block-column-is-layout-flow\" style=\"flex-basis:66.66%\">\n<h3 class=\"wp-block-heading\"><strong>Plaintes en vertu de la <em>Loi sur l\u2019Ombud<\/em><\/strong><\/h3>\n\n\n\n<div class=\"wp-block-buttons is-layout-flex wp-block-buttons-is-layout-flex\">\n<div class=\"wp-block-button\"><a class=\"wp-block-button__link has-green-background-color has-background wp-element-button\" href=\"https:\/\/ombudnb.ca\/wp-content\/uploads\/2023\/11\/FORMULAIRE-Plainte-concernant-lequite-administrative-Avr-2023-F.pdf\" target=\"_blank\" rel=\"noreferrer noopener\">Formulaire de plainte relative \u00e0 l\u2019\u00e9quit\u00e9 administrative<\/a><\/div>\n<\/div>\n<\/div>\n<\/div>\n<\/div>\n\n\n\n<div id=\"formulaires-visant-le-droit-a-l\u2019information-et-la-protection-de-la-vie-privee\" class=\"wp-block-group is-layout-flow wp-block-group-is-layout-flow\">\n<hr class=\"wp-block-separator has-alpha-channel-opacity is-style-wide\"\/>\n\n\n\n<div class=\"wp-block-columns is-layout-flex wp-container-core-columns-is-layout-28f84493 wp-block-columns-is-layout-flex\">\n<div class=\"wp-block-column is-layout-flow wp-block-column-is-layout-flow\" style=\"flex-basis:33.33%\">\n<p class=\"has-font-size-26-font-size\" style=\"font-style:normal;font-weight:700\">Formulaires visant le droit \u00e0 l\u2019information et la protection de la vie priv\u00e9e<\/p>\n<\/div>\n\n\n\n<div class=\"wp-block-column is-layout-flow wp-block-column-is-layout-flow\" style=\"flex-basis:66.66%\">\n<h3 class=\"wp-block-heading\">Plaintes, notifications et demandes en vertu de la <em>Loi sur le droit \u00e0 l\u2019information et la protection de la vie priv\u00e9e<\/em><\/h3>\n\n\n\n<div class=\"wp-block-buttons is-layout-flex wp-block-buttons-is-layout-flex\">\n<div class=\"wp-block-button\"><a class=\"wp-block-button__link wp-element-button\" href=\"https:\/\/www.pxw1.snb.ca\/snb7001\/f\/1000\/CSS-FOL-SNB-77-0002F.pdf\">Formulaire de demande de renseignements<\/a><\/div>\n\n\n\n<div class=\"wp-block-button\"><a class=\"wp-block-button__link wp-element-button\" href=\"https:\/\/www.pxw1.snb.ca\/snb7001\/f\/1000\/CSS-FOL-SNB-77-0001F.pdf\">Formulaire de demande de correction de renseignements personnels<\/a><\/div>\n\n\n\n<div class=\"wp-block-button\"><a class=\"wp-block-button__link wp-element-button\" href=\"https:\/\/ombudnb.ca\/wp-content\/uploads\/2024\/01\/Form-1.pdf\">Formule 1 \u2013 Recours \u00e0 la Cour<\/a><\/div>\n\n\n\n<div class=\"wp-block-button\"><a class=\"wp-block-button__link has-green-background-color has-background wp-element-button\" href=\"https:\/\/ombudnb.ca\/wp-content\/uploads\/2024\/01\/form-2.pdf\" target=\"_blank\" rel=\"noreferrer noopener\">Formule 2 \u2013 Plainte d\u00e9pos\u00e9e aupr\u00e8s de l\u2019ombud<\/a><\/div>\n<\/div>\n\n\n\n<div class=\"wp-block-buttons is-layout-flex wp-block-buttons-is-layout-flex\">\n<div class=\"wp-block-button\"><a class=\"wp-block-button__link wp-element-button\" href=\"https:\/\/ombudnb.ca\/wp-content\/uploads\/2024\/01\/Form-4.pdf\">Formule 4 \u2013 Recours \u00e0 la Cour par un tiers<\/a><\/div>\n<\/div>\n\n\n\n<div class=\"wp-block-buttons is-layout-flex wp-block-buttons-is-layout-flex\">\n<div class=\"wp-block-button\"><a class=\"wp-block-button__link has-green-background-color has-background wp-element-button\" href=\"https:\/\/ombudnb.ca\/wp-content\/uploads\/2024\/01\/Form-5.pdf\" target=\"_blank\" rel=\"noreferrer noopener\">Formule 5 \u2013 Formulaire de plainte d\u2019un tiers<\/a><\/div>\n\n\n\n<div class=\"wp-block-button\"><a class=\"wp-block-button__link wp-element-button\" href=\"https:\/\/ombudnb.ca\/wp-content\/uploads\/2024\/01\/Form-6.pdf\">Formule 6 \u2013 Appel \u00e0 la Cour par un tiers<\/a><\/div>\n<\/div>\n\n\n\n<div class=\"wp-block-buttons is-layout-flex wp-block-buttons-is-layout-flex\">\n<div class=\"wp-block-button\"><a class=\"wp-block-button__link has-green-background-color has-background wp-element-button\" href=\"https:\/\/ombudnb.ca\/wp-content\/uploads\/2025\/07\/FORMULAIRE-Plainte-concernant-la-vie-privee-2025-F.pdf\" target=\"_blank\" rel=\"noreferrer noopener\">Formulaire de plainte concernant la vie priv\u00e9e<\/a><\/div>\n\n\n\n<div class=\"wp-block-button\"><a class=\"wp-block-button__link has-green-background-color has-background wp-element-button\" href=\"https:\/\/ombudnb.ca\/wp-content\/uploads\/2025\/07\/FORMULAIRE-Signalement-dune-atteinte-a-la-vie-privee-LDIPVP-2025-F.pdf\" target=\"_blank\" rel=\"noreferrer noopener\">Formulaire pour signaler une atteinte \u00e0 la vie priv\u00e9e<\/a><\/div>\n<\/div>\n\n\n\n<div class=\"wp-block-buttons is-layout-flex wp-block-buttons-is-layout-flex\">\n<div class=\"wp-block-button\"><a class=\"wp-block-button__link has-green-background-color has-background wp-element-button\" href=\"https:\/\/ombudnb.ca\/wp-content\/uploads\/2025\/07\/FORMULAIRE-Prorogation-du-delai-LDIPVP-2025-F.pdf\" target=\"_blank\" rel=\"noreferrer noopener\">Formulaire de demande de prolongation du d\u00e9lai<\/a><\/div>\n<\/div>\n\n\n\n<p><\/p>\n<\/div>\n<\/div>\n<\/div>\n\n\n\n<div class=\"wp-block-group is-layout-flow wp-block-group-is-layout-flow\">\n<hr class=\"wp-block-separator has-alpha-channel-opacity is-style-wide\"\/>\n\n\n\n<div class=\"wp-block-columns is-layout-flex wp-container-core-columns-is-layout-28f84493 wp-block-columns-is-layout-flex\">\n<div class=\"wp-block-column is-layout-flow wp-block-column-is-layout-flow\" style=\"flex-basis:33.33%\">\n<p class=\"has-font-size-26-font-size\" style=\"font-style:normal;font-weight:700\">Formulaires visant l\u2019acc\u00e8s et la protection des renseignements personnels en mati\u00e8re de sant\u00e9<\/p>\n<\/div>\n\n\n\n<div class=\"wp-block-column is-layout-flow wp-block-column-is-layout-flow\" style=\"flex-basis:66.66%\">\n<h3 class=\"wp-block-heading\">Plaintes, notifications et demandes en vertu de la <em>Loi sur l\u2019acc\u00e8s et la protection des renseignements personnels sur la sant\u00e9<\/em><\/h3>\n\n\n\n<div class=\"wp-block-buttons is-layout-flex wp-block-buttons-is-layout-flex\">\n<div class=\"wp-block-button\"><a class=\"wp-block-button__link has-green-background-color has-background wp-element-button\" href=\"https:\/\/ombudnb.ca\/wp-content\/uploads\/2025\/11\/FORMULAIRE-Plainte-concernant-la-vie-privee-202511-F.pdf\">Formulaire de plainte concernant la vie priv\u00e9e<\/a><\/div>\n<\/div>\n\n\n\n<div class=\"wp-block-buttons is-layout-flex wp-block-buttons-is-layout-flex\">\n<div class=\"wp-block-button\"><a class=\"wp-block-button__link has-green-background-color has-background wp-element-button\" href=\"https:\/\/ombudnb.ca\/wp-content\/uploads\/2025\/07\/FORMULAIRE-Signalement-dune-atteinte-a-la-vie-privee-LAPRPS-2025-F.pdf\" target=\"_blank\" rel=\"noreferrer noopener\">Formulaire pour signaler une atteinte \u00e0 la vie priv\u00e9e<\/a><\/div>\n\n\n\n<div class=\"wp-block-button\"><a class=\"wp-block-button__link has-green-background-color has-background wp-element-button\" href=\"https:\/\/ombudnb.ca\/wp-content\/uploads\/2025\/07\/FORMULAIRE-Prorogation-du-delai-LAPRPS-2025-F.pdf\" target=\"_blank\" rel=\"noreferrer noopener\">Formulaire de demande de prolongation du d\u00e9lai<\/a><\/div>\n<\/div>\n<\/div>\n<\/div>\n<\/div>\n\n\n\n<div class=\"wp-block-group is-layout-flow wp-block-group-is-layout-flow\">\n<hr class=\"wp-block-separator has-alpha-channel-opacity is-style-wide\"\/>\n\n\n\n<div class=\"wp-block-columns is-layout-flex wp-container-core-columns-is-layout-28f84493 wp-block-columns-is-layout-flex\">\n<div class=\"wp-block-column is-layout-flow wp-block-column-is-layout-flow\" style=\"flex-basis:33.33%\">\n<p class=\"has-font-size-26-font-size\" style=\"font-style:normal;font-weight:700\">Formulaire visant les archives<\/p>\n<\/div>\n\n\n\n<div class=\"wp-block-column is-layout-flow wp-block-column-is-layout-flow\" style=\"flex-basis:66.66%\">\n<div class=\"wp-block-buttons is-layout-flex wp-block-buttons-is-layout-flex\">\n<div class=\"wp-block-button\"><a class=\"wp-block-button__link has-green-background-color has-background wp-element-button\" href=\"https:\/\/ombudnb.ca\/wp-content\/uploads\/2023\/03\/FORM-Archives-Review-Application-Form-Apr-2023-EF.pdf\" target=\"_blank\" rel=\"noreferrer noopener\">Formulaire de demande de renvoi visant les archives<\/a><\/div>\n<\/div>\n<\/div>\n<\/div>\n<\/div>\n\n\n\n<div id=\"formulaire-de-divulgation-d-actes-reprehensibles\" class=\"wp-block-group is-layout-flow wp-block-group-is-layout-flow\">\n<hr class=\"wp-block-separator has-alpha-channel-opacity is-style-wide\"\/>\n\n\n\n<div class=\"wp-block-columns is-layout-flex wp-container-core-columns-is-layout-28f84493 wp-block-columns-is-layout-flex\">\n<div class=\"wp-block-column is-layout-flow wp-block-column-is-layout-flow\" style=\"flex-basis:33.33%\">\n<p class=\"has-font-size-26-font-size\" style=\"font-style:normal;font-weight:700\">Formulaire de divulgation d\u2019actes r\u00e9pr\u00e9hensibles<\/p>\n<\/div>\n\n\n\n<div class=\"wp-block-column is-layout-flow wp-block-column-is-layout-flow\" style=\"flex-basis:66.66%\">\n<div class=\"wp-block-buttons is-layout-flex wp-block-buttons-is-layout-flex\">\n<div class=\"wp-block-button\"><a class=\"wp-block-button__link has-green-background-color has-background wp-element-button\" href=\"https:\/\/ombudnb.ca\/wp-content\/uploads\/2023\/11\/FORMULAIRE-Divulgation-dactes-reprehensibles-Avr-2023-F.pdf\" target=\"_blank\" rel=\"noreferrer noopener\">Formulaire de divulgation d\u2019actes r\u00e9pr\u00e9hensibles<\/a><\/div>\n<\/div>\n<\/div>\n<\/div>\n<\/div>\n\n\n\n<div id=\"formulaire-visant-le-favoritisme\" class=\"wp-block-group is-layout-flow wp-block-group-is-layout-flow\">\n<hr class=\"wp-block-separator has-alpha-channel-opacity is-style-wide\"\/>\n\n\n\n<div class=\"wp-block-columns is-layout-flex wp-container-core-columns-is-layout-28f84493 wp-block-columns-is-layout-flex\">\n<div class=\"wp-block-column is-layout-flow wp-block-column-is-layout-flow\" style=\"flex-basis:33.33%\">\n<p class=\"has-font-size-26-font-size\" style=\"font-style:normal;font-weight:700\">Formulaire visant le favoritisme<\/p>\n<\/div>\n\n\n\n<div class=\"wp-block-column is-layout-flow wp-block-column-is-layout-flow\" style=\"flex-basis:66.66%\">\n<div class=\"wp-block-buttons is-layout-flex wp-block-buttons-is-layout-flex\">\n<div class=\"wp-block-button\"><a class=\"wp-block-button__link has-green-background-color has-background wp-element-button\" href=\"https:\/\/ombudnb.ca\/wp-content\/uploads\/2023\/11\/FORMULAIRE-Plainte-alleguant-le-favoritisme-Avr-2023-F.pdf\" target=\"_blank\" rel=\"noreferrer noopener\">Formulaire de plainte all\u00e9guant le favoritisme<\/a><\/div>\n<\/div>\n<\/div>\n<\/div>\n<\/div>\n\n\n\n<div id=\"formules-generales\" class=\"wp-block-group is-layout-flow wp-block-group-is-layout-flow\">\n<hr class=\"wp-block-separator has-alpha-channel-opacity is-style-wide\"\/>\n\n\n\n<div class=\"wp-block-columns general-forms is-layout-flex wp-container-core-columns-is-layout-28f84493 wp-block-columns-is-layout-flex\">\n<div class=\"wp-block-column is-layout-flow wp-block-column-is-layout-flow\" style=\"flex-basis:33.33%\">\n<p class=\"has-font-size-26-font-size\" style=\"font-style:normal;font-weight:700\">Formulaire d\u2019autorisation<\/p>\n<\/div>\n\n\n\n<div class=\"wp-block-column is-layout-flow wp-block-column-is-layout-flow\" style=\"flex-basis:66.66%\">\n<div class=\"wp-block-buttons is-layout-flex wp-block-buttons-is-layout-flex\">\n<div class=\"wp-block-button\"><a class=\"wp-block-button__link has-green-background-color has-background wp-element-button\" href=\"https:\/\/ombudnb.ca\/wp-content\/uploads\/2023\/10\/FORMULAIRE-Autorisation-Avr-2023-F.pdf\" target=\"_blank\" rel=\"noreferrer noopener\">Formulaire d\u2019autorisation<\/a><\/div>\n<\/div>\n<\/div>\n<\/div>\n<\/div>\n<\/div>\n","protected":false},"excerpt":{"rendered":"<p>Comment d\u00e9poser une plainte Il y a plusieurs fa\u00e7ons de d\u00e9poser une plainte aupr\u00e8s d\u2019Ombud NB. Toutes les plaintes adress\u00e9es \u00e0 notre bureau sont confidentielles. Selon l\u2019objet de votre plainte, vous pourriez devoir remplir diff\u00e9rents types de formulaires. Certains de ces formulaires sont des obligations l\u00e9gales, nous devons donc vous demander de les soumettre. Si [&hellip;]<\/p>\n","protected":false},"author":6,"featured_media":0,"parent":0,"menu_order":0,"comment_status":"closed","ping_status":"closed","template":"","meta":{"footnotes":""},"class_list":["post-845","page","type-page","status-publish","hentry"],"yoast_head":"<!-- This site is optimized with the Yoast SEO plugin v24.5 - https:\/\/yoast.com\/wordpress\/plugins\/seo\/ -->\n<title>D\u00e9poser une plainte - Ombud NB<\/title>\n<meta name=\"description\" content=\"Il y a plusieurs fa\u00e7ons de d\u00e9poser une plainte aupr\u00e8s d\u2019Ombud NB. Toutes les plaintes adress\u00e9es \u00e0 notre bureau sont confidentielles.\" \/>\n<meta name=\"robots\" content=\"index, follow, max-snippet:-1, max-image-preview:large, max-video-preview:-1\" \/>\n<link rel=\"canonical\" href=\"https:\/\/ombudnb.ca\/fr\/deposer-une-plainte\/\" \/>\n<meta property=\"og:locale\" content=\"fr_FR\" \/>\n<meta property=\"og:type\" content=\"article\" \/>\n<meta property=\"og:title\" content=\"D\u00e9poser une plainte - Ombud NB\" \/>\n<meta property=\"og:description\" content=\"Il y a plusieurs fa\u00e7ons de d\u00e9poser une plainte aupr\u00e8s d\u2019Ombud NB. Toutes les plaintes adress\u00e9es \u00e0 notre bureau sont confidentielles.\" \/>\n<meta property=\"og:url\" content=\"https:\/\/ombudnb.ca\/fr\/deposer-une-plainte\/\" \/>\n<meta property=\"og:site_name\" content=\"Ombud NB\" \/>\n<meta property=\"article:modified_time\" content=\"2025-11-06T19:47:13+00:00\" \/>\n<meta property=\"og:image\" content=\"https:\/\/ombudnb.ca\/wp-content\/uploads\/2023\/03\/top-banner-two-people.jpg\" \/>\n\t<meta property=\"og:image:width\" content=\"1440\" \/>\n\t<meta property=\"og:image:height\" content=\"400\" \/>\n\t<meta property=\"og:image:type\" content=\"image\/jpeg\" \/>\n<meta name=\"twitter:card\" content=\"summary_large_image\" \/>\n<meta name=\"twitter:label1\" content=\"Dur\u00e9e de lecture estim\u00e9e\" \/>\n\t<meta name=\"twitter:data1\" content=\"2 minutes\" \/>\n<script type=\"application\/ld+json\" class=\"yoast-schema-graph\">{\"@context\":\"https:\/\/schema.org\",\"@graph\":[{\"@type\":\"WebPage\",\"@id\":\"https:\/\/ombudnb.ca\/fr\/deposer-une-plainte\/\",\"url\":\"https:\/\/ombudnb.ca\/fr\/deposer-une-plainte\/\",\"name\":\"D\u00e9poser une plainte - Ombud NB\",\"isPartOf\":{\"@id\":\"https:\/\/ombudnb.ca\/fr\/#website\"},\"primaryImageOfPage\":{\"@id\":\"https:\/\/ombudnb.ca\/fr\/deposer-une-plainte\/#primaryimage\"},\"image\":{\"@id\":\"https:\/\/ombudnb.ca\/fr\/deposer-une-plainte\/#primaryimage\"},\"thumbnailUrl\":\"https:\/\/ombudnb.ca\/wp-content\/uploads\/2023\/03\/top-banner-two-people.jpg\",\"datePublished\":\"2022-10-06T10:34:29+00:00\",\"dateModified\":\"2025-11-06T19:47:13+00:00\",\"description\":\"Il y a plusieurs fa\u00e7ons de d\u00e9poser une plainte aupr\u00e8s d\u2019Ombud NB. Toutes les plaintes adress\u00e9es \u00e0 notre bureau sont confidentielles.\",\"breadcrumb\":{\"@id\":\"https:\/\/ombudnb.ca\/fr\/deposer-une-plainte\/#breadcrumb\"},\"inLanguage\":\"fr-FR\",\"potentialAction\":[{\"@type\":\"ReadAction\",\"target\":[\"https:\/\/ombudnb.ca\/fr\/deposer-une-plainte\/\"]}]},{\"@type\":\"ImageObject\",\"inLanguage\":\"fr-FR\",\"@id\":\"https:\/\/ombudnb.ca\/fr\/deposer-une-plainte\/#primaryimage\",\"url\":\"https:\/\/ombudnb.ca\/wp-content\/uploads\/2023\/03\/top-banner-two-people.jpg\",\"contentUrl\":\"https:\/\/ombudnb.ca\/wp-content\/uploads\/2023\/03\/top-banner-two-people.jpg\"},{\"@type\":\"BreadcrumbList\",\"@id\":\"https:\/\/ombudnb.ca\/fr\/deposer-une-plainte\/#breadcrumb\",\"itemListElement\":[{\"@type\":\"ListItem\",\"position\":1,\"name\":\"Home\",\"item\":\"https:\/\/ombudnb.ca\/fr\/\"},{\"@type\":\"ListItem\",\"position\":2,\"name\":\"D\u00e9poser une plainte\"}]},{\"@type\":\"WebSite\",\"@id\":\"https:\/\/ombudnb.ca\/fr\/#website\",\"url\":\"https:\/\/ombudnb.ca\/fr\/\",\"name\":\"Ombud NB\",\"description\":\"\",\"publisher\":{\"@id\":\"https:\/\/ombudnb.ca\/fr\/#organization\"},\"potentialAction\":[{\"@type\":\"SearchAction\",\"target\":{\"@type\":\"EntryPoint\",\"urlTemplate\":\"https:\/\/ombudnb.ca\/fr\/?s={search_term_string}\"},\"query-input\":{\"@type\":\"PropertyValueSpecification\",\"valueRequired\":true,\"valueName\":\"search_term_string\"}}],\"inLanguage\":\"fr-FR\"},{\"@type\":\"Organization\",\"@id\":\"https:\/\/ombudnb.ca\/fr\/#organization\",\"name\":\"Ombud NB\",\"url\":\"https:\/\/ombudnb.ca\/fr\/\",\"logo\":{\"@type\":\"ImageObject\",\"inLanguage\":\"fr-FR\",\"@id\":\"https:\/\/ombudnb.ca\/fr\/#\/schema\/logo\/image\/\",\"url\":\"https:\/\/ombudnb.ca\/wp-content\/uploads\/2022\/10\/Logo.svg\",\"contentUrl\":\"https:\/\/ombudnb.ca\/wp-content\/uploads\/2022\/10\/Logo.svg\",\"width\":179,\"height\":126,\"caption\":\"Ombud NB\"},\"image\":{\"@id\":\"https:\/\/ombudnb.ca\/fr\/#\/schema\/logo\/image\/\"}}]}<\/script>\n<!-- \/ Yoast SEO plugin. -->","yoast_head_json":{"title":"D\u00e9poser une plainte - Ombud NB","description":"Il y a plusieurs fa\u00e7ons de d\u00e9poser une plainte aupr\u00e8s d\u2019Ombud NB. Toutes les plaintes adress\u00e9es \u00e0 notre bureau sont confidentielles.","robots":{"index":"index","follow":"follow","max-snippet":"max-snippet:-1","max-image-preview":"max-image-preview:large","max-video-preview":"max-video-preview:-1"},"canonical":"https:\/\/ombudnb.ca\/fr\/deposer-une-plainte\/","og_locale":"fr_FR","og_type":"article","og_title":"D\u00e9poser une plainte - Ombud NB","og_description":"Il y a plusieurs fa\u00e7ons de d\u00e9poser une plainte aupr\u00e8s d\u2019Ombud NB. Toutes les plaintes adress\u00e9es \u00e0 notre bureau sont confidentielles.","og_url":"https:\/\/ombudnb.ca\/fr\/deposer-une-plainte\/","og_site_name":"Ombud NB","article_modified_time":"2025-11-06T19:47:13+00:00","og_image":[{"width":1440,"height":400,"url":"https:\/\/ombudnb.ca\/wp-content\/uploads\/2023\/03\/top-banner-two-people.jpg","type":"image\/jpeg"}],"twitter_card":"summary_large_image","twitter_misc":{"Dur\u00e9e de lecture estim\u00e9e":"2 minutes"},"schema":{"@context":"https:\/\/schema.org","@graph":[{"@type":"WebPage","@id":"https:\/\/ombudnb.ca\/fr\/deposer-une-plainte\/","url":"https:\/\/ombudnb.ca\/fr\/deposer-une-plainte\/","name":"D\u00e9poser une plainte - Ombud NB","isPartOf":{"@id":"https:\/\/ombudnb.ca\/fr\/#website"},"primaryImageOfPage":{"@id":"https:\/\/ombudnb.ca\/fr\/deposer-une-plainte\/#primaryimage"},"image":{"@id":"https:\/\/ombudnb.ca\/fr\/deposer-une-plainte\/#primaryimage"},"thumbnailUrl":"https:\/\/ombudnb.ca\/wp-content\/uploads\/2023\/03\/top-banner-two-people.jpg","datePublished":"2022-10-06T10:34:29+00:00","dateModified":"2025-11-06T19:47:13+00:00","description":"Il y a plusieurs fa\u00e7ons de d\u00e9poser une plainte aupr\u00e8s d\u2019Ombud NB. Toutes les plaintes adress\u00e9es \u00e0 notre bureau sont confidentielles.","breadcrumb":{"@id":"https:\/\/ombudnb.ca\/fr\/deposer-une-plainte\/#breadcrumb"},"inLanguage":"fr-FR","potentialAction":[{"@type":"ReadAction","target":["https:\/\/ombudnb.ca\/fr\/deposer-une-plainte\/"]}]},{"@type":"ImageObject","inLanguage":"fr-FR","@id":"https:\/\/ombudnb.ca\/fr\/deposer-une-plainte\/#primaryimage","url":"https:\/\/ombudnb.ca\/wp-content\/uploads\/2023\/03\/top-banner-two-people.jpg","contentUrl":"https:\/\/ombudnb.ca\/wp-content\/uploads\/2023\/03\/top-banner-two-people.jpg"},{"@type":"BreadcrumbList","@id":"https:\/\/ombudnb.ca\/fr\/deposer-une-plainte\/#breadcrumb","itemListElement":[{"@type":"ListItem","position":1,"name":"Home","item":"https:\/\/ombudnb.ca\/fr\/"},{"@type":"ListItem","position":2,"name":"D\u00e9poser une plainte"}]},{"@type":"WebSite","@id":"https:\/\/ombudnb.ca\/fr\/#website","url":"https:\/\/ombudnb.ca\/fr\/","name":"Ombud NB","description":"","publisher":{"@id":"https:\/\/ombudnb.ca\/fr\/#organization"},"potentialAction":[{"@type":"SearchAction","target":{"@type":"EntryPoint","urlTemplate":"https:\/\/ombudnb.ca\/fr\/?s={search_term_string}"},"query-input":{"@type":"PropertyValueSpecification","valueRequired":true,"valueName":"search_term_string"}}],"inLanguage":"fr-FR"},{"@type":"Organization","@id":"https:\/\/ombudnb.ca\/fr\/#organization","name":"Ombud NB","url":"https:\/\/ombudnb.ca\/fr\/","logo":{"@type":"ImageObject","inLanguage":"fr-FR","@id":"https:\/\/ombudnb.ca\/fr\/#\/schema\/logo\/image\/","url":"https:\/\/ombudnb.ca\/wp-content\/uploads\/2022\/10\/Logo.svg","contentUrl":"https:\/\/ombudnb.ca\/wp-content\/uploads\/2022\/10\/Logo.svg","width":179,"height":126,"caption":"Ombud NB"},"image":{"@id":"https:\/\/ombudnb.ca\/fr\/#\/schema\/logo\/image\/"}}]}},"_links":{"self":[{"href":"https:\/\/ombudnb.ca\/fr\/wp-json\/wp\/v2\/pages\/845","targetHints":{"allow":["GET"]}}],"collection":[{"href":"https:\/\/ombudnb.ca\/fr\/wp-json\/wp\/v2\/pages"}],"about":[{"href":"https:\/\/ombudnb.ca\/fr\/wp-json\/wp\/v2\/types\/page"}],"author":[{"embeddable":true,"href":"https:\/\/ombudnb.ca\/fr\/wp-json\/wp\/v2\/users\/6"}],"replies":[{"embeddable":true,"href":"https:\/\/ombudnb.ca\/fr\/wp-json\/wp\/v2\/comments?post=845"}],"version-history":[{"count":0,"href":"https:\/\/ombudnb.ca\/fr\/wp-json\/wp\/v2\/pages\/845\/revisions"}],"wp:attachment":[{"href":"https:\/\/ombudnb.ca\/fr\/wp-json\/wp\/v2\/media?parent=845"}],"curies":[{"name":"wp","href":"https:\/\/api.w.org\/{rel}","templated":true}]}}