{"id":818,"date":"2023-02-13T13:29:11","date_gmt":"2023-02-13T17:29:11","guid":{"rendered":"https:\/\/ombud1stg.wpengine.com\/favoritisme\/"},"modified":"2025-11-14T15:59:22","modified_gmt":"2025-11-14T19:59:22","slug":"favoritisme","status":"publish","type":"page","link":"https:\/\/ombudnb.ca\/fr\/favoritisme\/","title":{"rendered":"Favoritisme"},"content":{"rendered":"\n<div class=\"wp-block-cover alignfull is-light has-custom-content-position is-position-bottom-left  content-header\" style=\"padding-top:0px;padding-bottom:40px;min-height:400px;aspect-ratio:unset;\"><img loading=\"lazy\" decoding=\"async\" width=\"1440\" height=\"400\" class=\"wp-block-cover__image-background wp-image-130\" alt=\"\" src=\"https:\/\/ombudnb.ca\/wp-content\/uploads\/2022\/10\/ContentHeader.png\" data-object-fit=\"cover\" srcset=\"https:\/\/ombudnb.ca\/wp-content\/uploads\/2022\/10\/ContentHeader.png 1440w, https:\/\/ombudnb.ca\/wp-content\/uploads\/2022\/10\/ContentHeader-300x83.png 300w, https:\/\/ombudnb.ca\/wp-content\/uploads\/2022\/10\/ContentHeader-1024x284.png 1024w, https:\/\/ombudnb.ca\/wp-content\/uploads\/2022\/10\/ContentHeader-768x213.png 768w\" sizes=\"auto, (max-width: 1440px) 100vw, 1440px\" \/><span aria-hidden=\"true\" class=\"wp-block-cover__background has-green-background-color has-background-dim\"><\/span><div class=\"wp-block-cover__inner-container is-layout-flow wp-block-cover-is-layout-flow\">\n<div class=\"wp-block-group  container is-layout-flow wp-block-group-is-layout-flow\">\n<div class=\"wp-block-group alignwide is-layout-flow wp-block-group-is-layout-flow\">\n<p class=\"has-white-color has-text-color\" style=\"font-style:normal;font-weight:500;letter-spacing:2px;text-transform:uppercase\">Notre r\u00f4le<\/p>\n\n\n<h1 style=\"margin-top:0px;margin-right:0px;margin-bottom:0px;margin-left:0px;\" class=\"alignwide wp-block-post-title has-text-color has-white-color\">Favoritisme<\/h1><\/div>\n<\/div>\n<\/div><\/div>\n\n\n\n<div class=\"wp-block-group has-light-grey-color has-text-color has-font-size-16-font-size is-layout-constrained wp-container-core-group-is-layout-78e97351 wp-block-group-is-layout-constrained\" style=\"padding-top:90px;padding-right:2.5%;padding-bottom:90px;padding-left:3%;line-height:1.5\"><div id=\"ez-toc-container\" class=\"ez-toc-v2_0_72 counter-hierarchy ez-toc-counter ez-toc-white ez-toc-container-direction\">\n<div class=\"ez-toc-title-container\">\n<p class=\"ez-toc-title\" style=\"cursor:inherit\">Table of Contents<\/p>\n<span class=\"ez-toc-title-toggle\"><a href=\"#\" class=\"ez-toc-pull-right ez-toc-btn ez-toc-btn-xs ez-toc-btn-default ez-toc-toggle\" aria-label=\"Toggle Table of Content\"><span class=\"ez-toc-js-icon-con\"><span class=\"\"><span class=\"eztoc-hide\" style=\"display:none;\">Toggle<\/span><span class=\"ez-toc-icon-toggle-span\"><svg style=\"fill: #28b3b2;color:#28b3b2\" xmlns=\"http:\/\/www.w3.org\/2000\/svg\" class=\"list-377408\" width=\"20px\" height=\"20px\" viewBox=\"0 0 24 24\" fill=\"none\"><path d=\"M6 6H4v2h2V6zm14 0H8v2h12V6zM4 11h2v2H4v-2zm16 0H8v2h12v-2zM4 16h2v2H4v-2zm16 0H8v2h12v-2z\" fill=\"currentColor\"><\/path><\/svg><svg style=\"fill: #28b3b2;color:#28b3b2\" class=\"arrow-unsorted-368013\" xmlns=\"http:\/\/www.w3.org\/2000\/svg\" width=\"10px\" height=\"10px\" viewBox=\"0 0 24 24\" version=\"1.2\" baseProfile=\"tiny\"><path d=\"M18.2 9.3l-6.2-6.3-6.2 6.3c-.2.2-.3.4-.3.7s.1.5.3.7c.2.2.4.3.7.3h11c.3 0 .5-.1.7-.3.2-.2.3-.5.3-.7s-.1-.5-.3-.7zM5.8 14.7l6.2 6.3 6.2-6.3c.2-.2.3-.5.3-.7s-.1-.5-.3-.7c-.2-.2-.4-.3-.7-.3h-11c-.3 0-.5.1-.7.3-.2.2-.3.5-.3.7s.1.5.3.7z\"\/><\/svg><\/span><\/span><\/span><\/a><\/span><\/div>\n<nav><ul class='ez-toc-list ez-toc-list-level-1 ' ><li class='ez-toc-page-1 ez-toc-heading-level-2'><a class=\"ez-toc-link ez-toc-heading-1\" href=\"https:\/\/ombudnb.ca\/fr\/favoritisme\/#Mandat\" title=\"Mandat\">Mandat<\/a><\/li><li class='ez-toc-page-1 ez-toc-heading-level-2'><a class=\"ez-toc-link ez-toc-heading-2\" href=\"https:\/\/ombudnb.ca\/fr\/favoritisme\/#Lois_et_reglements\" title=\"Lois et r\u00e8glements\">Lois et r\u00e8glements<\/a><\/li><li class='ez-toc-page-1 ez-toc-heading-level-2'><a class=\"ez-toc-link ez-toc-heading-3\" href=\"https:\/\/ombudnb.ca\/fr\/favoritisme\/#Avis\" title=\"Avis\">Avis<\/a><\/li><li class='ez-toc-page-1 ez-toc-heading-level-2'><a class=\"ez-toc-link ez-toc-heading-4\" href=\"https:\/\/ombudnb.ca\/fr\/favoritisme\/#Formulaires\" title=\"Formulaires\">Formulaires<\/a><\/li><\/ul><\/nav><\/div>\n\n\n\n\n<h2 class=\"wp-block-heading has-dark-grey-color has-text-color\" style=\"font-size:36px;font-style:normal;font-weight:800\"><span class=\"ez-toc-section\" id=\"Mandat\"><\/span>Mandat<span class=\"ez-toc-section-end\"><\/span><\/h2>\n\n\n\n<p>Ombud NB peut enqu\u00eater sur des all\u00e9gations de favoritisme formul\u00e9es par des individus non retenus dans le cadre d\u2019un processus de recrutement pour des nominations dans la fonction publique.<\/p>\n<\/div>\n\n\n\n<div class=\"wp-block-group is-layout-constrained wp-container-core-group-is-layout-bbda192f wp-block-group-is-layout-constrained\" style=\"padding-top:90px;padding-right:2.5%;padding-bottom:90px;padding-left:3%\">\n<h2 class=\"wp-block-heading has-dark-grey-color has-text-color\" style=\"font-size:36px;font-style:normal;font-weight:800\"><span class=\"ez-toc-section\" id=\"Lois_et_reglements\"><\/span>Lois et r\u00e8glements<span class=\"ez-toc-section-end\"><\/span><\/h2>\n\n\n\n<div class=\"wp-block-group is-vertical is-layout-flex wp-container-core-group-is-layout-5f9f5280 wp-block-group-is-layout-flex\">\n<div class=\"wp-block-group has-light-grey-color has-text-color  link-col is-content-justification-space-between is-nowrap is-layout-flex wp-container-core-group-is-layout-e8120192 wp-block-group-is-layout-flex\" style=\"padding-top:17px;padding-bottom:17px\">\n<p><a href=\"https:\/\/laws.gnb.ca\/en\/pdf\/cs\/C-5.1.pdf\">Loi sur la Fonction publique (pdf)<\/a><\/p>\n\n\n\n<figure class=\"wp-block-image size-large\"><a href=\"https:\/\/laws.gnb.ca\/en\/pdf\/cs\/C-5.1.pdf\" target=\"_blank\" rel=\"noreferrer noopener\"><img loading=\"lazy\" decoding=\"async\" width=\"34\" height=\"34\" src=\"https:\/\/ombudnb.ca\/wp-content\/uploads\/2022\/10\/arrow-circle-up.svg\" alt=\"\" class=\"wp-image-165\"\/><\/a><\/figure>\n<\/div>\n\n\n\n<div class=\"wp-block-group has-light-grey-color has-text-color  link-col is-content-justification-space-between is-nowrap is-layout-flex wp-container-core-group-is-layout-e8120192 wp-block-group-is-layout-flex\" style=\"padding-top:17px;padding-bottom:17px\">\n<p><a href=\"https:\/\/laws.gnb.ca\/fr\/ShowTdm\/cs\/C-5.1\/\">Loi sur la Fonction publique (html)<\/a><\/p>\n\n\n\n<figure class=\"wp-block-image size-large\"><a href=\"https:\/\/laws.gnb.ca\/fr\/ShowTdm\/cs\/C-5.1\/\" target=\"_blank\" rel=\"noreferrer noopener\"><img loading=\"lazy\" decoding=\"async\" width=\"34\" height=\"34\" src=\"https:\/\/ombudnb.ca\/wp-content\/uploads\/2022\/10\/arrow-circle-up.svg\" alt=\"\" class=\"wp-image-165\"\/><\/a><\/figure>\n<\/div>\n\n\n\n<div class=\"wp-block-group has-light-grey-color has-text-color  link-col is-content-justification-space-between is-nowrap is-layout-flex wp-container-core-group-is-layout-e8120192 wp-block-group-is-layout-flex\" style=\"padding-top:17px;padding-bottom:17px\">\n<p><a href=\"https:\/\/laws.gnb.ca\/fr\/pdf\/cs\/2011-c.173.pdf\" target=\"_blank\" rel=\"noreferrer noopener\">Loi sur les enqu\u00eates (pdf)<\/a><\/p>\n\n\n\n<figure class=\"wp-block-image size-large\"><a href=\"https:\/\/laws.gnb.ca\/fr\/pdf\/cs\/2011-c.173.pdf\" target=\"_blank\" rel=\"noreferrer noopener\"><img loading=\"lazy\" decoding=\"async\" width=\"34\" height=\"34\" src=\"https:\/\/ombudnb.ca\/wp-content\/uploads\/2022\/10\/arrow-circle-up.svg\" alt=\"\" class=\"wp-image-165\"\/><\/a><\/figure>\n<\/div>\n\n\n\n<div class=\"wp-block-group has-border-color has-white-border-color has-light-grey-color has-text-color  link-col is-content-justification-space-between is-nowrap is-layout-flex wp-container-core-group-is-layout-e8120192 wp-block-group-is-layout-flex\" style=\"padding-top:17px;padding-bottom:17px\">\n<p style=\"padding-left:40px\"><a href=\"https:\/\/laws.gnb.ca\/fr\/pdf\/cr\/83-167.pdf\" target=\"_blank\" rel=\"noreferrer noopener\">R\u00e8glement sur la proc\u00e9dure (pdf)<\/a><\/p>\n\n\n\n<figure class=\"wp-block-image size-large\"><a href=\"https:\/\/laws.gnb.ca\/fr\/pdf\/cr\/83-167.pdf\" target=\"_blank\" rel=\"noreferrer noopener\"><img loading=\"lazy\" decoding=\"async\" width=\"34\" height=\"34\" src=\"https:\/\/ombudnb.ca\/wp-content\/uploads\/2022\/10\/arrow-circle-up.svg\" alt=\"\" class=\"wp-image-165\"\/><\/a><\/figure>\n<\/div>\n\n\n\n<div class=\"wp-block-group has-border-color has-white-border-color has-light-grey-color has-text-color  link-col is-content-justification-space-between is-nowrap is-layout-flex wp-container-core-group-is-layout-e8120192 wp-block-group-is-layout-flex\" style=\"padding-top:17px;padding-bottom:17px\">\n<p style=\"padding-left:40px\"><a href=\"https:\/\/laws.gnb.ca\/fr\/pdf\/cr\/84-96.pdf\" target=\"_blank\" rel=\"noreferrer noopener\">R\u00e8glement sur les formules (pdf)<\/a><\/p>\n\n\n\n<figure class=\"wp-block-image size-large\"><a href=\"https:\/\/laws.gnb.ca\/fr\/pdf\/cr\/84-96.pdf\" target=\"_blank\" rel=\"noreferrer noopener\"><img loading=\"lazy\" decoding=\"async\" width=\"34\" height=\"34\" src=\"https:\/\/ombudnb.ca\/wp-content\/uploads\/2022\/10\/arrow-circle-up.svg\" alt=\"\" class=\"wp-image-165\"\/><\/a><\/figure>\n<\/div>\n\n\n\n<div class=\"wp-block-group has-light-grey-color has-text-color  link-col is-content-justification-space-between is-nowrap is-layout-flex wp-container-core-group-is-layout-e8120192 wp-block-group-is-layout-flex\" style=\"padding-top:17px;padding-bottom:17px\">\n<p><a href=\"https:\/\/laws.gnb.ca\/fr\/tdm\/lc\/2011-c.173\" target=\"_blank\" rel=\"noreferrer noopener\">Loi sur les enqu\u00eates (html)<\/a><\/p>\n\n\n\n<figure class=\"wp-block-image size-large\"><a href=\"https:\/\/laws.gnb.ca\/fr\/tdm\/lc\/2011-c.173\" target=\"_blank\" rel=\"noreferrer noopener\"><img loading=\"lazy\" decoding=\"async\" width=\"34\" height=\"34\" src=\"https:\/\/ombudnb.ca\/wp-content\/uploads\/2022\/10\/arrow-circle-up.svg\" alt=\"\" class=\"wp-image-165\"\/><\/a><\/figure>\n<\/div>\n\n\n\n<div class=\"wp-block-group has-border-color has-white-border-color has-light-grey-color has-text-color  link-col is-content-justification-space-between is-nowrap is-layout-flex wp-container-core-group-is-layout-e8120192 wp-block-group-is-layout-flex\" style=\"padding-top:17px;padding-bottom:17px\">\n<p style=\"padding-left:40px\"><a href=\"https:\/\/laws.gnb.ca\/fr\/tdm\/rc\/83-167\" target=\"_blank\" rel=\"noreferrer noopener\">R\u00e8glement sur la proc\u00e9dure (html)<\/a><\/p>\n\n\n\n<figure class=\"wp-block-image size-large\"><a href=\"https:\/\/laws.gnb.ca\/fr\/tdm\/rc\/83-167\" target=\"_blank\" rel=\"noreferrer noopener\"><img loading=\"lazy\" decoding=\"async\" width=\"34\" height=\"34\" src=\"https:\/\/ombudnb.ca\/wp-content\/uploads\/2022\/10\/arrow-circle-up.svg\" alt=\"\" class=\"wp-image-165\"\/><\/a><\/figure>\n<\/div>\n\n\n\n<div class=\"wp-block-group has-border-color has-white-border-color has-light-grey-color has-text-color  link-col is-content-justification-space-between is-nowrap is-layout-flex wp-container-core-group-is-layout-e8120192 wp-block-group-is-layout-flex\" style=\"padding-top:17px;padding-bottom:17px\">\n<p style=\"padding-left:40px\"><a href=\"https:\/\/laws.gnb.ca\/fr\/tdm\/rc\/84-96\" target=\"_blank\" rel=\"noreferrer noopener\">R\u00e8glement sur les formules (html)<\/a><\/p>\n\n\n\n<figure class=\"wp-block-image size-large\"><a href=\"https:\/\/laws.gnb.ca\/fr\/tdm\/rc\/84-96\" target=\"_blank\" rel=\"noreferrer noopener\"><img loading=\"lazy\" decoding=\"async\" width=\"34\" height=\"34\" src=\"https:\/\/ombudnb.ca\/wp-content\/uploads\/2022\/10\/arrow-circle-up.svg\" alt=\"\" class=\"wp-image-165\"\/><\/a><\/figure>\n<\/div>\n<\/div>\n<\/div>\n\n\n\n<div class=\"wp-block-group is-layout-constrained wp-container-core-group-is-layout-19d01852 wp-block-group-is-layout-constrained\" style=\"padding-top:90px;padding-right:2.5%;padding-bottom:90px;padding-left:3%\">\n<h2 class=\"wp-block-heading has-dark-grey-color has-text-color\" style=\"font-size:36px;font-style:normal;font-weight:800\"><span class=\"ez-toc-section\" id=\"Avis\"><\/span><strong><strong>Avis<\/strong><\/strong><span class=\"ez-toc-section-end\"><\/span><\/h2>\n<\/div>\n\n\n\n<div class=\"wp-block-group is-layout-constrained wp-container-core-group-is-layout-19d01852 wp-block-group-is-layout-constrained\" style=\"padding-top:90px;padding-right:2.5%;padding-bottom:90px;padding-left:3%\">\n<h2 class=\"wp-block-heading has-dark-grey-color has-text-color\" style=\"font-size:36px;font-style:normal;font-weight:800\"><span class=\"ez-toc-section\" id=\"Formulaires\"><\/span><strong><strong>Formulaires<\/strong><\/strong><span class=\"ez-toc-section-end\"><\/span><\/h2>\n\n\n\n<div class=\"wp-block-group is-vertical is-layout-flex wp-container-core-group-is-layout-5f9f5280 wp-block-group-is-layout-flex\">\n<div class=\"wp-block-group has-light-grey-color has-text-color  link-col is-content-justification-space-between is-nowrap is-layout-flex wp-container-core-group-is-layout-e8120192 wp-block-group-is-layout-flex\" style=\"padding-top:17px;padding-bottom:17px\">\n<p><a rel=\"noreferrer noopener\" href=\"https:\/\/ombudnb.ca\/wp-content\/uploads\/2023\/11\/FORMULAIRE-Plainte-alleguant-le-favoritisme-Avr-2023-F.pdf\" target=\"_blank\">Formulaire de plainte all\u00e9guant le favoritisme<\/a><\/p>\n\n\n\n<figure class=\"wp-block-image size-large\"><a href=\"https:\/\/ombudnb.ca\/wp-content\/uploads\/2023\/11\/FORMULAIRE-Plainte-alleguant-le-favoritisme-Avr-2023-F.pdf\" target=\"_blank\" rel=\"noreferrer noopener\"><img loading=\"lazy\" decoding=\"async\" width=\"34\" height=\"34\" src=\"https:\/\/ombudnb.ca\/wp-content\/uploads\/2022\/10\/arrow-circle-up.svg\" alt=\"\" class=\"wp-image-165\"\/><\/a><\/figure>\n<\/div>\n<\/div>\n<\/div>\n","protected":false},"excerpt":{"rendered":"<p>Mandat Ombud NB peut enqu\u00eater sur des all\u00e9gations de favoritisme formul\u00e9es par des individus non retenus dans le cadre d\u2019un processus de recrutement pour des nominations dans la fonction publique. Lois et r\u00e8glements Loi sur la Fonction publique (pdf) Loi sur la Fonction publique (html) Loi sur les enqu\u00eates (pdf) R\u00e8glement sur la proc\u00e9dure (pdf) [&hellip;]<\/p>\n","protected":false},"author":3,"featured_media":0,"parent":0,"menu_order":0,"comment_status":"closed","ping_status":"closed","template":"","meta":{"footnotes":""},"class_list":["post-818","page","type-page","status-publish","hentry"],"yoast_head":"<!-- This site is optimized with the Yoast SEO plugin v24.5 - https:\/\/yoast.com\/wordpress\/plugins\/seo\/ -->\n<title>Favoritisme - Ombud NB<\/title>\n<meta name=\"description\" content=\"Ombud NB peut enqu\u00eater sur des all\u00e9gations de favoritisme formul\u00e9es par des individus non retenus dans le cadre d\u2019un processus de recrutement pour des nominations dans la fonction publique.\" \/>\n<meta name=\"robots\" content=\"index, follow, max-snippet:-1, max-image-preview:large, max-video-preview:-1\" \/>\n<link rel=\"canonical\" href=\"https:\/\/ombudnb.ca\/fr\/favoritisme\/\" \/>\n<meta property=\"og:locale\" content=\"fr_FR\" \/>\n<meta property=\"og:type\" content=\"article\" \/>\n<meta property=\"og:title\" content=\"Favoritisme - Ombud NB\" \/>\n<meta property=\"og:description\" content=\"Ombud NB peut enqu\u00eater sur des all\u00e9gations de favoritisme formul\u00e9es par des individus non retenus dans le cadre d\u2019un processus de recrutement pour des nominations dans la fonction publique.\" \/>\n<meta property=\"og:url\" content=\"https:\/\/ombudnb.ca\/fr\/favoritisme\/\" \/>\n<meta property=\"og:site_name\" content=\"Ombud NB\" \/>\n<meta property=\"article:modified_time\" content=\"2025-11-14T19:59:22+00:00\" \/>\n<meta property=\"og:image\" content=\"https:\/\/ombudnb.ca\/wp-content\/uploads\/2022\/10\/ContentHeader.png\" \/>\n\t<meta property=\"og:image:width\" content=\"1440\" \/>\n\t<meta property=\"og:image:height\" content=\"400\" \/>\n\t<meta property=\"og:image:type\" content=\"image\/png\" \/>\n<meta name=\"twitter:card\" content=\"summary_large_image\" \/>\n<meta name=\"twitter:label1\" content=\"Dur\u00e9e de lecture estim\u00e9e\" \/>\n\t<meta name=\"twitter:data1\" content=\"3 minutes\" \/>\n<script type=\"application\/ld+json\" class=\"yoast-schema-graph\">{\"@context\":\"https:\/\/schema.org\",\"@graph\":[{\"@type\":\"WebPage\",\"@id\":\"https:\/\/ombudnb.ca\/fr\/favoritisme\/\",\"url\":\"https:\/\/ombudnb.ca\/fr\/favoritisme\/\",\"name\":\"Favoritisme - Ombud NB\",\"isPartOf\":{\"@id\":\"https:\/\/ombudnb.ca\/fr\/#website\"},\"primaryImageOfPage\":{\"@id\":\"https:\/\/ombudnb.ca\/fr\/favoritisme\/#primaryimage\"},\"image\":{\"@id\":\"https:\/\/ombudnb.ca\/fr\/favoritisme\/#primaryimage\"},\"thumbnailUrl\":\"https:\/\/ombudnb.ca\/wp-content\/uploads\/2022\/10\/ContentHeader.png\",\"datePublished\":\"2023-02-13T17:29:11+00:00\",\"dateModified\":\"2025-11-14T19:59:22+00:00\",\"description\":\"Ombud NB peut enqu\u00eater sur des all\u00e9gations de favoritisme formul\u00e9es par des individus non retenus dans le cadre d\u2019un processus de recrutement pour des nominations dans la fonction publique.\",\"breadcrumb\":{\"@id\":\"https:\/\/ombudnb.ca\/fr\/favoritisme\/#breadcrumb\"},\"inLanguage\":\"fr-FR\",\"potentialAction\":[{\"@type\":\"ReadAction\",\"target\":[\"https:\/\/ombudnb.ca\/fr\/favoritisme\/\"]}]},{\"@type\":\"ImageObject\",\"inLanguage\":\"fr-FR\",\"@id\":\"https:\/\/ombudnb.ca\/fr\/favoritisme\/#primaryimage\",\"url\":\"https:\/\/ombudnb.ca\/wp-content\/uploads\/2022\/10\/ContentHeader.png\",\"contentUrl\":\"https:\/\/ombudnb.ca\/wp-content\/uploads\/2022\/10\/ContentHeader.png\"},{\"@type\":\"BreadcrumbList\",\"@id\":\"https:\/\/ombudnb.ca\/fr\/favoritisme\/#breadcrumb\",\"itemListElement\":[{\"@type\":\"ListItem\",\"position\":1,\"name\":\"Home\",\"item\":\"https:\/\/ombudnb.ca\/fr\/\"},{\"@type\":\"ListItem\",\"position\":2,\"name\":\"Favoritisme\"}]},{\"@type\":\"WebSite\",\"@id\":\"https:\/\/ombudnb.ca\/fr\/#website\",\"url\":\"https:\/\/ombudnb.ca\/fr\/\",\"name\":\"Ombud NB\",\"description\":\"\",\"publisher\":{\"@id\":\"https:\/\/ombudnb.ca\/fr\/#organization\"},\"potentialAction\":[{\"@type\":\"SearchAction\",\"target\":{\"@type\":\"EntryPoint\",\"urlTemplate\":\"https:\/\/ombudnb.ca\/fr\/?s={search_term_string}\"},\"query-input\":{\"@type\":\"PropertyValueSpecification\",\"valueRequired\":true,\"valueName\":\"search_term_string\"}}],\"inLanguage\":\"fr-FR\"},{\"@type\":\"Organization\",\"@id\":\"https:\/\/ombudnb.ca\/fr\/#organization\",\"name\":\"Ombud NB\",\"url\":\"https:\/\/ombudnb.ca\/fr\/\",\"logo\":{\"@type\":\"ImageObject\",\"inLanguage\":\"fr-FR\",\"@id\":\"https:\/\/ombudnb.ca\/fr\/#\/schema\/logo\/image\/\",\"url\":\"https:\/\/ombudnb.ca\/wp-content\/uploads\/2022\/10\/Logo.svg\",\"contentUrl\":\"https:\/\/ombudnb.ca\/wp-content\/uploads\/2022\/10\/Logo.svg\",\"width\":179,\"height\":126,\"caption\":\"Ombud NB\"},\"image\":{\"@id\":\"https:\/\/ombudnb.ca\/fr\/#\/schema\/logo\/image\/\"}}]}<\/script>\n<!-- \/ Yoast SEO plugin. -->","yoast_head_json":{"title":"Favoritisme - Ombud NB","description":"Ombud NB peut enqu\u00eater sur des all\u00e9gations de favoritisme formul\u00e9es par des individus non retenus dans le cadre d\u2019un processus de recrutement pour des nominations dans la fonction publique.","robots":{"index":"index","follow":"follow","max-snippet":"max-snippet:-1","max-image-preview":"max-image-preview:large","max-video-preview":"max-video-preview:-1"},"canonical":"https:\/\/ombudnb.ca\/fr\/favoritisme\/","og_locale":"fr_FR","og_type":"article","og_title":"Favoritisme - Ombud NB","og_description":"Ombud NB peut enqu\u00eater sur des all\u00e9gations de favoritisme formul\u00e9es par des individus non retenus dans le cadre d\u2019un processus de recrutement pour des nominations dans la fonction publique.","og_url":"https:\/\/ombudnb.ca\/fr\/favoritisme\/","og_site_name":"Ombud NB","article_modified_time":"2025-11-14T19:59:22+00:00","og_image":[{"width":1440,"height":400,"url":"https:\/\/ombudnb.ca\/wp-content\/uploads\/2022\/10\/ContentHeader.png","type":"image\/png"}],"twitter_card":"summary_large_image","twitter_misc":{"Dur\u00e9e de lecture estim\u00e9e":"3 minutes"},"schema":{"@context":"https:\/\/schema.org","@graph":[{"@type":"WebPage","@id":"https:\/\/ombudnb.ca\/fr\/favoritisme\/","url":"https:\/\/ombudnb.ca\/fr\/favoritisme\/","name":"Favoritisme - Ombud NB","isPartOf":{"@id":"https:\/\/ombudnb.ca\/fr\/#website"},"primaryImageOfPage":{"@id":"https:\/\/ombudnb.ca\/fr\/favoritisme\/#primaryimage"},"image":{"@id":"https:\/\/ombudnb.ca\/fr\/favoritisme\/#primaryimage"},"thumbnailUrl":"https:\/\/ombudnb.ca\/wp-content\/uploads\/2022\/10\/ContentHeader.png","datePublished":"2023-02-13T17:29:11+00:00","dateModified":"2025-11-14T19:59:22+00:00","description":"Ombud NB peut enqu\u00eater sur des all\u00e9gations de favoritisme formul\u00e9es par des individus non retenus dans le cadre d\u2019un processus de recrutement pour des nominations dans la fonction publique.","breadcrumb":{"@id":"https:\/\/ombudnb.ca\/fr\/favoritisme\/#breadcrumb"},"inLanguage":"fr-FR","potentialAction":[{"@type":"ReadAction","target":["https:\/\/ombudnb.ca\/fr\/favoritisme\/"]}]},{"@type":"ImageObject","inLanguage":"fr-FR","@id":"https:\/\/ombudnb.ca\/fr\/favoritisme\/#primaryimage","url":"https:\/\/ombudnb.ca\/wp-content\/uploads\/2022\/10\/ContentHeader.png","contentUrl":"https:\/\/ombudnb.ca\/wp-content\/uploads\/2022\/10\/ContentHeader.png"},{"@type":"BreadcrumbList","@id":"https:\/\/ombudnb.ca\/fr\/favoritisme\/#breadcrumb","itemListElement":[{"@type":"ListItem","position":1,"name":"Home","item":"https:\/\/ombudnb.ca\/fr\/"},{"@type":"ListItem","position":2,"name":"Favoritisme"}]},{"@type":"WebSite","@id":"https:\/\/ombudnb.ca\/fr\/#website","url":"https:\/\/ombudnb.ca\/fr\/","name":"Ombud NB","description":"","publisher":{"@id":"https:\/\/ombudnb.ca\/fr\/#organization"},"potentialAction":[{"@type":"SearchAction","target":{"@type":"EntryPoint","urlTemplate":"https:\/\/ombudnb.ca\/fr\/?s={search_term_string}"},"query-input":{"@type":"PropertyValueSpecification","valueRequired":true,"valueName":"search_term_string"}}],"inLanguage":"fr-FR"},{"@type":"Organization","@id":"https:\/\/ombudnb.ca\/fr\/#organization","name":"Ombud NB","url":"https:\/\/ombudnb.ca\/fr\/","logo":{"@type":"ImageObject","inLanguage":"fr-FR","@id":"https:\/\/ombudnb.ca\/fr\/#\/schema\/logo\/image\/","url":"https:\/\/ombudnb.ca\/wp-content\/uploads\/2022\/10\/Logo.svg","contentUrl":"https:\/\/ombudnb.ca\/wp-content\/uploads\/2022\/10\/Logo.svg","width":179,"height":126,"caption":"Ombud NB"},"image":{"@id":"https:\/\/ombudnb.ca\/fr\/#\/schema\/logo\/image\/"}}]}},"_links":{"self":[{"href":"https:\/\/ombudnb.ca\/fr\/wp-json\/wp\/v2\/pages\/818","targetHints":{"allow":["GET"]}}],"collection":[{"href":"https:\/\/ombudnb.ca\/fr\/wp-json\/wp\/v2\/pages"}],"about":[{"href":"https:\/\/ombudnb.ca\/fr\/wp-json\/wp\/v2\/types\/page"}],"author":[{"embeddable":true,"href":"https:\/\/ombudnb.ca\/fr\/wp-json\/wp\/v2\/users\/3"}],"replies":[{"embeddable":true,"href":"https:\/\/ombudnb.ca\/fr\/wp-json\/wp\/v2\/comments?post=818"}],"version-history":[{"count":0,"href":"https:\/\/ombudnb.ca\/fr\/wp-json\/wp\/v2\/pages\/818\/revisions"}],"wp:attachment":[{"href":"https:\/\/ombudnb.ca\/fr\/wp-json\/wp\/v2\/media?parent=818"}],"curies":[{"name":"wp","href":"https:\/\/api.w.org\/{rel}","templated":true}]}}