{"id":723,"date":"2023-04-05T16:31:11","date_gmt":"2023-04-05T19:31:11","guid":{"rendered":"https:\/\/ombud1stg.wpengine.com\/accueil\/"},"modified":"2026-02-13T16:01:09","modified_gmt":"2026-02-13T20:01:09","slug":"accueil","status":"publish","type":"page","link":"https:\/\/ombudnb.ca\/fr\/accueil\/","title":{"rendered":"Accueil"},"content":{"rendered":"\n<div class=\"wp-block-cover\" style=\"min-height:760px;aspect-ratio:unset;\"><img loading=\"lazy\" decoding=\"async\" width=\"1440\" height=\"760\" class=\"wp-block-cover__image-background wp-image-990\" alt=\"\" src=\"https:\/\/ombudnb.ca\/wp-content\/uploads\/2024\/02\/Hero-final.jpg\" data-object-fit=\"cover\" srcset=\"https:\/\/ombudnb.ca\/wp-content\/uploads\/2024\/02\/Hero-final.jpg 1440w, https:\/\/ombudnb.ca\/wp-content\/uploads\/2024\/02\/Hero-final-300x158.jpg 300w, https:\/\/ombudnb.ca\/wp-content\/uploads\/2024\/02\/Hero-final-1024x540.jpg 1024w, https:\/\/ombudnb.ca\/wp-content\/uploads\/2024\/02\/Hero-final-768x405.jpg 768w\" sizes=\"auto, (max-width: 1440px) 100vw, 1440px\" \/><span aria-hidden=\"true\" class=\"wp-block-cover__background has-background-dim-0 has-background-dim\"><\/span><div class=\"wp-block-cover__inner-container is-layout-flow wp-block-cover-is-layout-flow\">\n<div class=\"wp-block-group is-layout-constrained wp-container-core-group-is-layout-5837dba5 wp-block-group-is-layout-constrained\">\n<h1 class=\"wp-block-heading has-text-align-center large-titles has-font-size-60-font-size\">Nous sommes des agents de changement positif.<\/h1>\n\n\n\n<p class=\"has-text-align-center has-font-size-18-font-size\">Ombud NB sert \u00e0 tracer une voie vers un secteur public o\u00f9 les personnes sont trait\u00e9es \u00e9quitablement, o\u00f9 l\u2019information est partag\u00e9e de mani\u00e8re appropri\u00e9e et o\u00f9 la fonction publique est prot\u00e9g\u00e9e contre le favoritisme et les actes r\u00e9pr\u00e9hensibles.<\/p>\n<\/div>\n<\/div><\/div>\n\n\n\n<div class=\"wp-block-cover is-light\" style=\"padding-top:0px;padding-right:0px;padding-bottom:185px;padding-left:0px\"><img loading=\"lazy\" decoding=\"async\" width=\"1440\" height=\"2327\" class=\"wp-block-cover__image-background wp-image-12\" alt=\"\" src=\"https:\/\/ombudnb.ca\/wp-content\/uploads\/2022\/10\/circles-bg.png\" data-object-fit=\"cover\" srcset=\"https:\/\/ombudnb.ca\/wp-content\/uploads\/2022\/10\/circles-bg.png 1440w, https:\/\/ombudnb.ca\/wp-content\/uploads\/2022\/10\/circles-bg-186x300.png 186w, https:\/\/ombudnb.ca\/wp-content\/uploads\/2022\/10\/circles-bg-634x1024.png 634w, https:\/\/ombudnb.ca\/wp-content\/uploads\/2022\/10\/circles-bg-768x1241.png 768w, https:\/\/ombudnb.ca\/wp-content\/uploads\/2022\/10\/circles-bg-951x1536.png 951w, https:\/\/ombudnb.ca\/wp-content\/uploads\/2022\/10\/circles-bg-1267x2048.png 1267w\" sizes=\"auto, (max-width: 1440px) 100vw, 1440px\" \/><span aria-hidden=\"true\" class=\"wp-block-cover__background has-background-dim-0 has-background-dim\"><\/span><div class=\"wp-block-cover__inner-container is-layout-flow wp-block-cover-is-layout-flow\">\n<div style=\"height:100px\" aria-hidden=\"true\" class=\"wp-block-spacer\"><\/div>\n\n\n\n<div class=\"wp-block-group is-layout-constrained wp-block-group-is-layout-constrained\">\n<div class=\"wp-block-group  circle-grid is-horizontal is-content-justification-left is-layout-flex wp-container-core-group-is-layout-70dae390 wp-block-group-is-layout-flex\">\n<div class=\"wp-block-group  circle-container a-up is-layout-constrained wp-container-core-group-is-layout-3e5f4f53 wp-block-group-is-layout-constrained\">\n<p class=\"large-titles has-dark-dark-grey-color has-text-color  a-up\" style=\"font-size:3.4em;font-style:normal;font-weight:900\">\u00c9quit\u00e9 administrative<\/p>\n\n\n\n<div class=\"wp-block-group is-layout-constrained wp-container-core-group-is-layout-41c06ba8 wp-block-group-is-layout-constrained\">\n<p class=\"has-light-grey-color has-text-color\">Ombud NB re\u00e7oit et examine les plaintes de personnes qui ont eu des difficult\u00e9s ou qui estiment avoir \u00e9t\u00e9 trait\u00e9es injustement dans leurs interactions avec les autorit\u00e9s publiques. Son r\u00f4le est d\u2019assurer l\u2019\u00e9quit\u00e9 des processus administratifs et des politiques.<\/p>\n\n\n\n<p class=\"has-light-grey-color has-text-color has-font-size-12-font-size\"><a href=\"https:\/\/ombudnb.ca\/fr\/equite-administrative\/\">En savoir plus<\/a><\/p>\n<\/div>\n<\/div>\n\n\n\n<div class=\"wp-block-group  circle-container a-up is-layout-constrained wp-container-core-group-is-layout-3e5f4f53 wp-block-group-is-layout-constrained\">\n<p class=\"large-titles has-dark-dark-grey-color has-text-color  a-up\" style=\"font-size:3.4em;font-style:normal;font-weight:900\">Information et vie priv\u00e9e<\/p>\n\n\n\n<div class=\"wp-block-group  a-up is-layout-constrained wp-container-core-group-is-layout-41c06ba8 wp-block-group-is-layout-constrained\">\n<p class=\"has-light-grey-color has-text-color\">Ombud NB re\u00e7oit et examine les plaintes d\u2019individus qui ne sont pas satisfaits de la fa\u00e7on dont un organisme public ou un fournisseur de soins de sant\u00e9 a r\u00e9pondu \u00e0 certains types de demandes d\u2019informations, ou s\u2019il croit qu\u2019un organisme public ou un fournisseur de soins de sant\u00e9 a port\u00e9 atteinte \u00e0 leur vie priv\u00e9e dans le traitement de leurs renseignements personnels ou leurs renseignements personnels sur la sant\u00e9. Ombud NB re\u00e7oit aussi les signalements d\u2019atteintes \u00e0 la vie priv\u00e9e de la part des organismes publics et examine d\u2019autres types de demandes faites par ceux-ci \u00e0 l\u2019ombud.<\/p>\n\n\n\n<p class=\"has-light-grey-color has-text-color\">Ombud NB est \u00e9galement charg\u00e9 d\u2019examiner si l\u2019acc\u00e8s \u00e0 certains documents publics d\u00e9tenus par les Archives provinciales doit \u00eatre accord\u00e9.<\/p>\n\n\n\n<p class=\"has-light-grey-color has-text-color has-font-size-12-font-size\"><a href=\"https:\/\/ombudnb.ca\/fr\/information-et-vie-privee\/\">En savoir plus<\/a><\/p>\n<\/div>\n<\/div>\n\n\n\n<div class=\"wp-block-group  circle-container a-up is-layout-constrained wp-container-core-group-is-layout-3e5f4f53 wp-block-group-is-layout-constrained\">\n<p class=\"large-titles has-dark-dark-grey-color has-text-color  a-up\" style=\"font-size:3.4em;font-style:normal;font-weight:900\">Actes r\u00e9pr\u00e9hensibles<\/p>\n\n\n\n<div class=\"wp-block-group  a-up is-layout-constrained wp-container-core-group-is-layout-41c06ba8 wp-block-group-is-layout-constrained\">\n<p class=\"has-light-grey-color has-text-color  \">Ombud NB a le pouvoir d\u2019enqu\u00eater sur les plaintes des employ\u00e9s actuels de la fonction publique concernant des questions qui sont potentiellement ill\u00e9gales, dangereuses pour le public ou pr\u00e9judiciables \u00e0 l\u2019int\u00e9r\u00eat public. C\u2019est ce que l\u2019on appelle commun\u00e9ment les plaintes de lanceurs d\u2019alertes.<\/p>\n\n\n\n<p class=\"has-light-grey-color has-text-color has-font-size-12-font-size\"><a href=\"https:\/\/ombudnb.ca\/fr\/actes-reprehensibles\/\">En savoir plus<\/a><\/p>\n<\/div>\n<\/div>\n\n\n\n<div class=\"wp-block-group  circle-container a-up is-layout-constrained wp-container-core-group-is-layout-3e5f4f53 wp-block-group-is-layout-constrained\">\n<p class=\"large-titles has-dark-dark-grey-color has-text-color  a-up\" style=\"font-size:3.4em;font-style:normal;font-weight:900\">Favoritisme<\/p>\n\n\n\n<div class=\"wp-block-group  a-up is-layout-constrained wp-container-core-group-is-layout-41c06ba8 wp-block-group-is-layout-constrained\">\n<p class=\"has-light-grey-color has-text-color\">Ombud NB peut enqu\u00eater sur des all\u00e9gations de favoritisme formul\u00e9es par des candidats non retenus dans le cadre de processus de recrutement pour des nominations \u00e0 la fonction publique. <\/p>\n\n\n\n<p class=\"has-light-grey-color has-text-color has-font-size-12-font-size\"><a href=\"https:\/\/ombudnb.ca\/fr\/favoritisme\/\">En savoir plus<\/a><\/p>\n<\/div>\n<\/div>\n<\/div>\n<\/div>\n<\/div><\/div>\n\n\n\n<div class=\"wp-block-media-text alignwide is-stacked-on-mobile is-image-fill-element has-dark-grey-background-color has-background\" style=\"grid-template-columns:36% auto\"><figure class=\"wp-block-media-text__media\"><img loading=\"lazy\" decoding=\"async\" width=\"549\" height=\"600\" src=\"https:\/\/ombudnb.ca\/wp-content\/uploads\/2023\/03\/casual-dress-male.jpg\" alt=\"\" class=\"wp-image-508 size-full\" style=\"object-position:50% 50%\" srcset=\"https:\/\/ombudnb.ca\/wp-content\/uploads\/2023\/03\/casual-dress-male.jpg 549w, https:\/\/ombudnb.ca\/wp-content\/uploads\/2023\/03\/casual-dress-male-275x300.jpg 275w\" sizes=\"auto, (max-width: 549px) 100vw, 549px\" \/><\/figure><div class=\"wp-block-media-text__content\">\n<div class=\"wp-block-group has-white-color has-text-color is-layout-constrained wp-container-core-group-is-layout-3b115ed8 wp-block-group-is-layout-constrained\" style=\"padding-top:90px;padding-bottom:90px\">\n<h2 class=\"wp-block-heading has-green-color has-text-color\" style=\"font-style:normal;font-weight:800\"><strong>Nous aidons \u00e0 trouver des solutions.<\/strong><\/h2>\n\n\n\n<p class=\"has-font-size-22-font-size\" style=\"font-style:normal;font-weight:400;line-height:1.5\">Ombud NB aide les gens et les organismes du secteur public avec leurs pr\u00e9occupations en menant des enqu\u00eates impartiales, en formulant des recommandations et en fournissant des orientations afin de s\u2019assurer que les personnes sont trait\u00e9es de mani\u00e8re uniforme, \u00e9quitable et raisonnable et que leurs droits \u00e0 l\u2019information et \u00e0 la vie priv\u00e9e sont prot\u00e9g\u00e9s.<\/p>\n\n\n\n<div class=\"wp-block-buttons is-layout-flex wp-block-buttons-is-layout-flex\" style=\"margin-top:60px\">\n<div class=\"wp-block-button\"><a class=\"wp-block-button__link has-dark-grey-color has-white-background-color has-text-color has-background has-font-size-16-font-size has-custom-font-size wp-element-button\" href=\"https:\/\/ombudnb.ca\/fr\/nous-pouvons-vous-aider\/\" style=\"border-radius:50px;padding-top:15px;padding-bottom:15px\">Nous pouvons vous aider<\/a><\/div>\n<\/div>\n<\/div>\n<\/div><\/div>\n\n\n\n<div class=\"wp-block-cover is-light\" style=\"padding-top:50px;padding-bottom:50px;min-height:571px;aspect-ratio:unset;\"><img loading=\"lazy\" decoding=\"async\" width=\"1440\" height=\"571\" class=\"wp-block-cover__image-background wp-image-26\" alt=\"\" src=\"https:\/\/ombudnb.ca\/wp-content\/uploads\/2022\/10\/BG-Turqoise-1.png\" data-object-fit=\"cover\" srcset=\"https:\/\/ombudnb.ca\/wp-content\/uploads\/2022\/10\/BG-Turqoise-1.png 1440w, https:\/\/ombudnb.ca\/wp-content\/uploads\/2022\/10\/BG-Turqoise-1-300x119.png 300w, https:\/\/ombudnb.ca\/wp-content\/uploads\/2022\/10\/BG-Turqoise-1-1024x406.png 1024w, https:\/\/ombudnb.ca\/wp-content\/uploads\/2022\/10\/BG-Turqoise-1-768x305.png 768w\" sizes=\"auto, (max-width: 1440px) 100vw, 1440px\" \/><span aria-hidden=\"true\" class=\"wp-block-cover__background has-white-background-color has-background-dim-0 has-background-dim\"><\/span><div class=\"wp-block-cover__inner-container is-layout-flow wp-block-cover-is-layout-flow\">\n<div class=\"wp-block-group is-layout-constrained wp-container-core-group-is-layout-39879b67 wp-block-group-is-layout-constrained\">\n<h2 class=\"wp-block-heading has-text-align-center has-white-color has-text-color has-font-size-50-font-size\">D\u00e9poser une plainte<\/h2>\n\n\n\n<p class=\"has-text-align-center has-white-color has-text-color has-font-size-22-font-size\" style=\"line-height:1.5\">Pour plus de renseignements sur la fa\u00e7on de d\u00e9poser une plainte ou pour avoir acc\u00e8s aux formulaires de plaintes, veuillez appuyer sur le bouton suivant.<\/p>\n\n\n\n<div class=\"wp-block-buttons is-content-justification-center is-layout-flex wp-container-core-buttons-is-layout-8218ff04 wp-block-buttons-is-layout-flex\" style=\"margin-top:60px\">\n<div class=\"wp-block-button\"><a class=\"wp-block-button__link has-dark-dark-grey-background-color has-background wp-element-button\" href=\"https:\/\/ombudnb.ca\/fr\/deposer-une-plainte\/#comment-deposer-une-plainte\" style=\"border-radius:100px\">Comment d\u00e9poser une plainte<\/a><\/div>\n<\/div>\n<\/div>\n<\/div><\/div>\n\n\n\n<div class=\"wp-block-group is-layout-constrained wp-container-core-group-is-layout-ca0f7d62 wp-block-group-is-layout-constrained\" style=\"padding-top:95px;padding-right:25px;padding-bottom:95px;padding-left:25px\">\n<h2 class=\"wp-block-heading has-text-align-center has-dark-grey-color has-text-color\" style=\"font-style:normal;font-weight:800\">Rapports et ressources<\/h2>\n\n\n\n<div class=\"wp-block-columns is-layout-flex wp-container-core-columns-is-layout-66fad18a wp-block-columns-is-layout-flex\">\n<div class=\"wp-block-column is-layout-flow wp-block-column-is-layout-flow\">\n<figure class=\"wp-block-image size-full is-resized\"><img loading=\"lazy\" decoding=\"async\" width=\"650\" height=\"841\" src=\"https:\/\/ombudnb.ca\/wp-content\/uploads\/2026\/02\/Cover_Ombud_Annual-Report_24-25_FR.png\" alt=\"\" class=\"wp-image-1325\" srcset=\"https:\/\/ombudnb.ca\/wp-content\/uploads\/2026\/02\/Cover_Ombud_Annual-Report_24-25_FR.png 650w, https:\/\/ombudnb.ca\/wp-content\/uploads\/2026\/02\/Cover_Ombud_Annual-Report_24-25_FR-232x300.png 232w\" sizes=\"auto, (max-width: 650px) 100vw, 650px\" \/><\/figure>\n\n\n\n<h3 class=\"wp-block-heading\"><a href=\"https:\/\/ombudnb.ca\/wp-content\/uploads\/2026\/02\/Ombud_Rapport-annuel_24-25_FR.pdf\">Rapport annuel 2024-2025<\/a><\/h3>\n\n\n\n<p class=\"has-light-grey-color has-text-color  \"><\/p>\n\n\n\n<p class=\"has-green-color has-text-color\"><strong><a href=\"https:\/\/ombudnb.ca\/fr\/rapports-et-ressources\/\">Lire la suite<\/a><\/strong><\/p>\n<\/div>\n\n\n\n<div class=\"wp-block-column is-layout-flow wp-block-column-is-layout-flow\">\n<figure class=\"wp-block-image size-full is-resized\"><img loading=\"lazy\" decoding=\"async\" width=\"649\" height=\"839\" src=\"https:\/\/ombudnb.ca\/wp-content\/uploads\/2026\/01\/Screenshot-2026-01-28-160830.png\" alt=\"\" class=\"wp-image-1312\" srcset=\"https:\/\/ombudnb.ca\/wp-content\/uploads\/2026\/01\/Screenshot-2026-01-28-160830.png 649w, https:\/\/ombudnb.ca\/wp-content\/uploads\/2026\/01\/Screenshot-2026-01-28-160830-232x300.png 232w\" sizes=\"auto, (max-width: 649px) 100vw, 649px\" \/><\/figure>\n\n\n\n<h3 class=\"wp-block-heading\"><a href=\"https:\/\/ombudnb.ca\/wp-content\/uploads\/2026\/01\/OmbudNB-Memoire-pour-lexamen-de-la-LDIPVP-Ombud-du-Nouveau-Brunswick-2025.pdf\">M\u00e9moire dans le cadre de l&rsquo;Examen l\u00e9gislatif de la Loi sur le droit \u00e0 l\u2019information et la<br>protection de la vie priv\u00e9e (LDIPVP)<\/a><\/h3>\n\n\n\n<p class=\"has-light-grey-color has-text-color\">Nous refl\u00e9tons les observations issues de notre exp\u00e9rience dans l\u2019exercice du devoir de surveillance en vertu de la LDIPVP, ainsi que des recherches men\u00e9es sur les pratiques exemplaires<br>observ\u00e9es dans d\u2019autres provinces et territoires au Canada.<\/p>\n\n\n\n<p class=\"has-green-color has-text-color\"><strong><a href=\"https:\/\/ombudnb.ca\/fr\/rapports-et-ressources\/\">Lire la suite<\/a><\/strong><\/p>\n<\/div>\n\n\n\n<div class=\"wp-block-column is-layout-flow wp-block-column-is-layout-flow\">\n<figure class=\"wp-block-image size-full is-resized\"><img loading=\"lazy\" decoding=\"async\" width=\"649\" height=\"842\" src=\"https:\/\/ombudnb.ca\/wp-content\/uploads\/2025\/09\/Screenshot-2025-09-23-090442.png\" alt=\"\" class=\"wp-image-1237\" srcset=\"https:\/\/ombudnb.ca\/wp-content\/uploads\/2025\/09\/Screenshot-2025-09-23-090442.png 649w, https:\/\/ombudnb.ca\/wp-content\/uploads\/2025\/09\/Screenshot-2025-09-23-090442-231x300.png 231w\" sizes=\"auto, (max-width: 649px) 100vw, 649px\" \/><\/figure>\n\n\n\n<h3 class=\"wp-block-heading\"><a href=\"https:\/\/ombudnb.ca\/wp-content\/uploads\/2025\/09\/A-laide-Equete-speciale-sur-lutilisation-des-mesures-de-contention-dans-les-etablissements-psychiatriques-pour-adultes-au-N-B_2025.pdf\">\u00c0 l\u2019aide! Enqu\u00eate sp\u00e9ciale sur l\u2019utilisation des mesures de contention dans les \u00e9tablissements psychiatriques pour adultes au Nouveau-Brunswick<\/a><\/h3>\n\n\n\n<p class=\"has-light-grey-color has-text-color  \">L\u2019enqu\u00eate sur l\u2019utilisation de salles d\u2019isolement et de contentions physiques dans les \u00e9tablissements<br>psychiatriques du Nouveau-Brunswick a \u00e9t\u00e9 lanc\u00e9e \u00e0 la suite de plaintes re\u00e7ues par le Bureau de l\u2019ombud.<\/p>\n\n\n\n<p class=\"has-green-color has-text-color\"><a href=\"https:\/\/ombudnb.ca\/fr\/rapports-et-ressources\/\"><strong>Lire la suite<\/strong><\/a><\/p>\n<\/div>\n<\/div>\n<\/div>\n\n\n\n<p><\/p>\n","protected":false},"excerpt":{"rendered":"<p>Rapports et ressources Rapport annuel 2024-2025 Lire la suite M\u00e9moire dans le cadre de l&rsquo;Examen l\u00e9gislatif de la Loi sur le droit \u00e0 l\u2019information et laprotection de la vie priv\u00e9e (LDIPVP) Nous refl\u00e9tons les observations issues de notre exp\u00e9rience dans l\u2019exercice du devoir de surveillance en vertu de la LDIPVP, ainsi que des recherches men\u00e9es [&hellip;]<\/p>\n","protected":false},"author":3,"featured_media":0,"parent":0,"menu_order":0,"comment_status":"closed","ping_status":"closed","template":"","meta":{"footnotes":""},"class_list":["post-723","page","type-page","status-publish","hentry"],"yoast_head":"<!-- This site is optimized with the Yoast SEO plugin v24.5 - https:\/\/yoast.com\/wordpress\/plugins\/seo\/ -->\n<title>Accueil - Ombud NB<\/title>\n<meta name=\"description\" content=\"Ombud NB re\u00e7oit et examine les plaintes de personnes qui ont eu des difficult\u00e9s ou qui estiment avoir \u00e9t\u00e9 trait\u00e9es injustement dans leurs interactions avec les autorit\u00e9s publiques.\" \/>\n<meta name=\"robots\" content=\"index, follow, max-snippet:-1, max-image-preview:large, max-video-preview:-1\" \/>\n<link rel=\"canonical\" href=\"https:\/\/ombudnb.ca\/fr\/accueil\/\" \/>\n<meta property=\"og:locale\" content=\"fr_FR\" \/>\n<meta property=\"og:type\" content=\"article\" \/>\n<meta property=\"og:title\" content=\"Accueil - Ombud NB\" \/>\n<meta property=\"og:description\" content=\"Ombud NB re\u00e7oit et examine les plaintes de personnes qui ont eu des difficult\u00e9s ou qui estiment avoir \u00e9t\u00e9 trait\u00e9es injustement dans leurs interactions avec les autorit\u00e9s publiques.\" \/>\n<meta property=\"og:url\" content=\"https:\/\/ombudnb.ca\/fr\/accueil\/\" \/>\n<meta property=\"og:site_name\" content=\"Ombud NB\" \/>\n<meta property=\"article:modified_time\" content=\"2026-02-13T20:01:09+00:00\" \/>\n<meta property=\"og:image\" content=\"https:\/\/ombudnb.ca\/wp-content\/uploads\/2024\/02\/Hero-final.jpg\" \/>\n\t<meta property=\"og:image:width\" content=\"1440\" \/>\n\t<meta property=\"og:image:height\" content=\"760\" \/>\n\t<meta property=\"og:image:type\" content=\"image\/jpeg\" \/>\n<meta name=\"twitter:card\" content=\"summary_large_image\" \/>\n<meta name=\"twitter:label1\" content=\"Dur\u00e9e de lecture estim\u00e9e\" \/>\n\t<meta name=\"twitter:data1\" content=\"4 minutes\" \/>\n<script type=\"application\/ld+json\" class=\"yoast-schema-graph\">{\"@context\":\"https:\/\/schema.org\",\"@graph\":[{\"@type\":\"WebPage\",\"@id\":\"https:\/\/ombudnb.ca\/fr\/accueil\/\",\"url\":\"https:\/\/ombudnb.ca\/fr\/accueil\/\",\"name\":\"Accueil - Ombud NB\",\"isPartOf\":{\"@id\":\"https:\/\/ombudnb.ca\/fr\/#website\"},\"primaryImageOfPage\":{\"@id\":\"https:\/\/ombudnb.ca\/fr\/accueil\/#primaryimage\"},\"image\":{\"@id\":\"https:\/\/ombudnb.ca\/fr\/accueil\/#primaryimage\"},\"thumbnailUrl\":\"https:\/\/ombudnb.ca\/wp-content\/uploads\/2024\/02\/Hero-final.jpg\",\"datePublished\":\"2023-04-05T19:31:11+00:00\",\"dateModified\":\"2026-02-13T20:01:09+00:00\",\"description\":\"Ombud NB re\u00e7oit et examine les plaintes de personnes qui ont eu des difficult\u00e9s ou qui estiment avoir \u00e9t\u00e9 trait\u00e9es injustement dans leurs interactions avec les autorit\u00e9s publiques.\",\"breadcrumb\":{\"@id\":\"https:\/\/ombudnb.ca\/fr\/accueil\/#breadcrumb\"},\"inLanguage\":\"fr-FR\",\"potentialAction\":[{\"@type\":\"ReadAction\",\"target\":[\"https:\/\/ombudnb.ca\/fr\/accueil\/\"]}]},{\"@type\":\"ImageObject\",\"inLanguage\":\"fr-FR\",\"@id\":\"https:\/\/ombudnb.ca\/fr\/accueil\/#primaryimage\",\"url\":\"https:\/\/ombudnb.ca\/wp-content\/uploads\/2024\/02\/Hero-final.jpg\",\"contentUrl\":\"https:\/\/ombudnb.ca\/wp-content\/uploads\/2024\/02\/Hero-final.jpg\"},{\"@type\":\"BreadcrumbList\",\"@id\":\"https:\/\/ombudnb.ca\/fr\/accueil\/#breadcrumb\",\"itemListElement\":[{\"@type\":\"ListItem\",\"position\":1,\"name\":\"Home\",\"item\":\"https:\/\/ombudnb.ca\/fr\/\"},{\"@type\":\"ListItem\",\"position\":2,\"name\":\"Accueil\"}]},{\"@type\":\"WebSite\",\"@id\":\"https:\/\/ombudnb.ca\/fr\/#website\",\"url\":\"https:\/\/ombudnb.ca\/fr\/\",\"name\":\"Ombud NB\",\"description\":\"\",\"publisher\":{\"@id\":\"https:\/\/ombudnb.ca\/fr\/#organization\"},\"potentialAction\":[{\"@type\":\"SearchAction\",\"target\":{\"@type\":\"EntryPoint\",\"urlTemplate\":\"https:\/\/ombudnb.ca\/fr\/?s={search_term_string}\"},\"query-input\":{\"@type\":\"PropertyValueSpecification\",\"valueRequired\":true,\"valueName\":\"search_term_string\"}}],\"inLanguage\":\"fr-FR\"},{\"@type\":\"Organization\",\"@id\":\"https:\/\/ombudnb.ca\/fr\/#organization\",\"name\":\"Ombud NB\",\"url\":\"https:\/\/ombudnb.ca\/fr\/\",\"logo\":{\"@type\":\"ImageObject\",\"inLanguage\":\"fr-FR\",\"@id\":\"https:\/\/ombudnb.ca\/fr\/#\/schema\/logo\/image\/\",\"url\":\"https:\/\/ombudnb.ca\/wp-content\/uploads\/2022\/10\/Logo.svg\",\"contentUrl\":\"https:\/\/ombudnb.ca\/wp-content\/uploads\/2022\/10\/Logo.svg\",\"width\":179,\"height\":126,\"caption\":\"Ombud NB\"},\"image\":{\"@id\":\"https:\/\/ombudnb.ca\/fr\/#\/schema\/logo\/image\/\"}}]}<\/script>\n<!-- \/ Yoast SEO plugin. -->","yoast_head_json":{"title":"Accueil - Ombud NB","description":"Ombud NB re\u00e7oit et examine les plaintes de personnes qui ont eu des difficult\u00e9s ou qui estiment avoir \u00e9t\u00e9 trait\u00e9es injustement dans leurs interactions avec les autorit\u00e9s publiques.","robots":{"index":"index","follow":"follow","max-snippet":"max-snippet:-1","max-image-preview":"max-image-preview:large","max-video-preview":"max-video-preview:-1"},"canonical":"https:\/\/ombudnb.ca\/fr\/accueil\/","og_locale":"fr_FR","og_type":"article","og_title":"Accueil - Ombud NB","og_description":"Ombud NB re\u00e7oit et examine les plaintes de personnes qui ont eu des difficult\u00e9s ou qui estiment avoir \u00e9t\u00e9 trait\u00e9es injustement dans leurs interactions avec les autorit\u00e9s publiques.","og_url":"https:\/\/ombudnb.ca\/fr\/accueil\/","og_site_name":"Ombud NB","article_modified_time":"2026-02-13T20:01:09+00:00","og_image":[{"width":1440,"height":760,"url":"https:\/\/ombudnb.ca\/wp-content\/uploads\/2024\/02\/Hero-final.jpg","type":"image\/jpeg"}],"twitter_card":"summary_large_image","twitter_misc":{"Dur\u00e9e de lecture estim\u00e9e":"4 minutes"},"schema":{"@context":"https:\/\/schema.org","@graph":[{"@type":"WebPage","@id":"https:\/\/ombudnb.ca\/fr\/accueil\/","url":"https:\/\/ombudnb.ca\/fr\/accueil\/","name":"Accueil - Ombud NB","isPartOf":{"@id":"https:\/\/ombudnb.ca\/fr\/#website"},"primaryImageOfPage":{"@id":"https:\/\/ombudnb.ca\/fr\/accueil\/#primaryimage"},"image":{"@id":"https:\/\/ombudnb.ca\/fr\/accueil\/#primaryimage"},"thumbnailUrl":"https:\/\/ombudnb.ca\/wp-content\/uploads\/2024\/02\/Hero-final.jpg","datePublished":"2023-04-05T19:31:11+00:00","dateModified":"2026-02-13T20:01:09+00:00","description":"Ombud NB re\u00e7oit et examine les plaintes de personnes qui ont eu des difficult\u00e9s ou qui estiment avoir \u00e9t\u00e9 trait\u00e9es injustement dans leurs interactions avec les autorit\u00e9s publiques.","breadcrumb":{"@id":"https:\/\/ombudnb.ca\/fr\/accueil\/#breadcrumb"},"inLanguage":"fr-FR","potentialAction":[{"@type":"ReadAction","target":["https:\/\/ombudnb.ca\/fr\/accueil\/"]}]},{"@type":"ImageObject","inLanguage":"fr-FR","@id":"https:\/\/ombudnb.ca\/fr\/accueil\/#primaryimage","url":"https:\/\/ombudnb.ca\/wp-content\/uploads\/2024\/02\/Hero-final.jpg","contentUrl":"https:\/\/ombudnb.ca\/wp-content\/uploads\/2024\/02\/Hero-final.jpg"},{"@type":"BreadcrumbList","@id":"https:\/\/ombudnb.ca\/fr\/accueil\/#breadcrumb","itemListElement":[{"@type":"ListItem","position":1,"name":"Home","item":"https:\/\/ombudnb.ca\/fr\/"},{"@type":"ListItem","position":2,"name":"Accueil"}]},{"@type":"WebSite","@id":"https:\/\/ombudnb.ca\/fr\/#website","url":"https:\/\/ombudnb.ca\/fr\/","name":"Ombud NB","description":"","publisher":{"@id":"https:\/\/ombudnb.ca\/fr\/#organization"},"potentialAction":[{"@type":"SearchAction","target":{"@type":"EntryPoint","urlTemplate":"https:\/\/ombudnb.ca\/fr\/?s={search_term_string}"},"query-input":{"@type":"PropertyValueSpecification","valueRequired":true,"valueName":"search_term_string"}}],"inLanguage":"fr-FR"},{"@type":"Organization","@id":"https:\/\/ombudnb.ca\/fr\/#organization","name":"Ombud NB","url":"https:\/\/ombudnb.ca\/fr\/","logo":{"@type":"ImageObject","inLanguage":"fr-FR","@id":"https:\/\/ombudnb.ca\/fr\/#\/schema\/logo\/image\/","url":"https:\/\/ombudnb.ca\/wp-content\/uploads\/2022\/10\/Logo.svg","contentUrl":"https:\/\/ombudnb.ca\/wp-content\/uploads\/2022\/10\/Logo.svg","width":179,"height":126,"caption":"Ombud NB"},"image":{"@id":"https:\/\/ombudnb.ca\/fr\/#\/schema\/logo\/image\/"}}]}},"_links":{"self":[{"href":"https:\/\/ombudnb.ca\/fr\/wp-json\/wp\/v2\/pages\/723","targetHints":{"allow":["GET"]}}],"collection":[{"href":"https:\/\/ombudnb.ca\/fr\/wp-json\/wp\/v2\/pages"}],"about":[{"href":"https:\/\/ombudnb.ca\/fr\/wp-json\/wp\/v2\/types\/page"}],"author":[{"embeddable":true,"href":"https:\/\/ombudnb.ca\/fr\/wp-json\/wp\/v2\/users\/3"}],"replies":[{"embeddable":true,"href":"https:\/\/ombudnb.ca\/fr\/wp-json\/wp\/v2\/comments?post=723"}],"version-history":[{"count":0,"href":"https:\/\/ombudnb.ca\/fr\/wp-json\/wp\/v2\/pages\/723\/revisions"}],"wp:attachment":[{"href":"https:\/\/ombudnb.ca\/fr\/wp-json\/wp\/v2\/media?parent=723"}],"curies":[{"name":"wp","href":"https:\/\/api.w.org\/{rel}","templated":true}]}}